{"id":158,"date":"2025-04-23T21:43:04","date_gmt":"2025-04-23T19:43:04","guid":{"rendered":"https:\/\/www.corecusp.com\/?page_id=158"},"modified":"2025-04-23T21:58:52","modified_gmt":"2025-04-23T19:58:52","slug":"datenschutz","status":"publish","type":"page","link":"https:\/\/www.corecusp.com\/?page_id=158","title":{"rendered":"Datenschutz"},"content":{"rendered":"\t\t<div data-elementor-type=\"wp-page\" data-elementor-id=\"158\" class=\"elementor elementor-158\" data-elementor-post-type=\"page\">\n\t\t\t\t<div class=\"elementor-element elementor-element-bb6ffaa e-flex e-con-boxed e-con e-parent\" data-id=\"bb6ffaa\" data-element_type=\"container\" data-settings=\"{&quot;background_background&quot;:&quot;classic&quot;}\">\n\t\t\t\t\t<div class=\"e-con-inner\">\n\t\t\t\t\t<\/div>\n\t\t\t\t<\/div>\n\t\t<div class=\"elementor-element elementor-element-be26b12 e-flex e-con-boxed e-con e-parent\" data-id=\"be26b12\" data-element_type=\"container\">\n\t\t\t\t\t<div class=\"e-con-inner\">\n\t\t\t\t<div class=\"elementor-element elementor-element-e24357a elementor-widget elementor-widget-heading\" data-id=\"e24357a\" data-element_type=\"widget\" data-widget_type=\"heading.default\">\n\t\t\t\t<div class=\"elementor-widget-container\">\n\t\t\t\t\t<h2 class=\"elementor-heading-title elementor-size-default\">Datenschutz<\/h2>\t\t\t\t<\/div>\n\t\t\t\t<\/div>\n\t\t\t\t<div class=\"elementor-element elementor-element-cc49e7d elementor-widget elementor-widget-text-editor\" data-id=\"cc49e7d\" data-element_type=\"widget\" data-widget_type=\"text-editor.default\">\n\t\t\t\t<div class=\"elementor-widget-container\">\n\t\t\t\t\t\t\t\t\t<p>Wir nehmen den Schutz Ihrer privaten Daten ernst und m\u00f6chten, dass Sie sich beim Besuch unserer Website wohl f\u00fchlen. Der Schutz Ihrer Privatsph\u00e4re bei der Verarbeitung personenbezogener Daten ist f\u00fcr uns ein wichtiges Anliegen, welches wir bei unseren Gesch\u00e4ftsprozessen ber\u00fccksichtigen.<\/p><p>Dieser Datenschutzhinweis erl\u00e4utert, wie personenbezogene Daten w\u00e4hrend und nach Ihrer Nutzung unserer Website erfasst, verarbeitet und verwendet werden, welche Arten von Daten dies betrifft, warum solche Daten erfasst werden, mit wem sie geteilt werden und welche Rechte Sie diesbez\u00fcglich haben.<\/p><p><span style=\"text-decoration: underline;\">Bitte lesen Sie diesen Hinweis aufmerksam durch.<\/span><\/p>\t\t\t\t\t\t\t\t<\/div>\n\t\t\t\t<\/div>\n\t\t\t\t<div class=\"elementor-element elementor-element-f10912d elementor-widget elementor-widget-text-editor\" data-id=\"f10912d\" data-element_type=\"widget\" data-widget_type=\"text-editor.default\">\n\t\t\t\t<div class=\"elementor-widget-container\">\n\t\t\t\t\t\t\t\t\t<p><strong>Cookie Einstellungen<\/strong><\/p><ul><li><a  href=\"#consent-change\" role=\"button\" id=\"rcb-sc-link-change\" data-success-message=\"\" class=\"rcb-sc-link rcb-sc-link-change \">Privatsph\u00e4re-Einstellungen \u00e4ndern<\/a><\/li><li><a  href=\"#consent-history\" role=\"button\" id=\"rcb-sc-link-history\" data-success-message=\"\" class=\"rcb-sc-link rcb-sc-link-history \">Historie der Privatsph\u00e4re-Einstellungen<\/a><\/li><li><a  href=\"#consent-revoke\" role=\"button\" id=\"rcb-sc-link-revoke\" data-success-message=\"Du hast die Einwilligung f\u00fcr Services mit dessen Cookies und Verarbeitung personenbezogener Daten erfolgreich widerrufen. Die Seite wird jetzt neu geladen!\" class=\"rcb-sc-link rcb-sc-link-revoke \">Einwilligungen widerrufen<\/a><\/li><\/ul>\t\t\t\t\t\t\t\t<\/div>\n\t\t\t\t<\/div>\n\t\t\t\t<div class=\"elementor-element elementor-element-69c7a51 elementor-widget elementor-widget-text-editor\" data-id=\"69c7a51\" data-element_type=\"widget\" data-widget_type=\"text-editor.default\">\n\t\t\t\t<div class=\"elementor-widget-container\">\n\t\t\t\t\t\t\t\t\t<p><strong>Geltungsbereich<\/strong><\/p><p>Diese Datenschutzerkl\u00e4rung kl\u00e4rt Nutzer \u00fcber die Art, den Umfang und Zwecke der Erhebung und Verwendung personenbezogener Daten, durch den verantwortlichen Anbieter Corecusp auf.<\/p><p><strong>Begriffserkl\u00e4rung<\/strong><\/p><p>Wir haben unseren Datenschutzhinweis nach den Grunds\u00e4tzen der DSGVO gestaltet, siehe hierzu Art. 5 DSGVO. Sollten dennoch Unklarheiten in Bezug auf die Verwendung der Begrifflichkeiten bestehen, k\u00f6nnen Sie die entsprechenden Definitionen hier einsehen.<\/p><p>Name und Anschrift der verantwortlichen Partei<\/p><p>Julia Netzer<br \/>Corecusp<br \/>Adresse Hausnummer<br \/>PLZ Ort<br \/>Tel. +43 664 8300279<br \/>E-Mail: connect@corecusp.com<br \/>Webseite: www.corecusp.com<\/p><p><strong>Speicherdauer und L\u00f6schung<\/strong><\/p><p>Soweit innerhalb dieses Datenschutzhinweises keine speziellere Speicherdauer genannt wurde, verbleiben Ihre personenbezogenen Daten bei uns, bis der Zweck oder die Rechtsgrundlage f\u00fcr die Datenverarbeitung entfallen. Wenn Sie ein berechtigtes L\u00f6schersuchen geltend machen oder eine Einwilligung zur Datenverarbeitung widerrufen, werden Ihre Daten gel\u00f6scht, sofern wir keine anderen rechtlich zul\u00e4ssigen Gr\u00fcnde f\u00fcr die Speicherung Ihrer personenbezogenen Daten haben (z. B. steuer- oder handelsrechtliche Aufbewahrungsfristen), im letztgenannten Fall erfolgt die L\u00f6schung nach Fortfall dieser Gr\u00fcnde.<\/p><p><strong>Bereitstellung der Website und Erstellung von Log Files<\/strong><\/p><p>Beim Besuch unserer Website werden, durch den auf Ihrem Endger\u00e4t eingesetzten Browser, automatisch Informationen an den Server unserer Website gesendet. Diese Informationen werden tempor\u00e4r in einem Logfile gespeichert. Folgende Informationen werden dabei ohne Ihr Zutun erfasst und bis zur automatisierten L\u00f6schung gespeichert:<\/p><p>IP-Adresse des anfragenden Rechners<br \/>Datum und Uhrzeit des Zugriffs<br \/>Name und URL der abgerufenen Datei<br \/>Website, von der aus der Zugriff erfolgt<br \/>verwendeter Browser und ggf. das Betriebssystem Ihres Rechners sowie der Name Ihres Access-Providers<br \/>Die genannten Daten werden durch uns zu folgenden Zwecken verarbeitet:<br \/>Gew\u00e4hrleistung eines reibungslosen Verbindungsaufbaus der Website<br \/>Gew\u00e4hrleistung einer komfortablen Nutzung der Website<br \/>Auswertung der Systemsicherheit und -stabilit\u00e4t<br \/>Fehleranalyse<br \/>zu weiteren administrativen Zwecken<\/p><p>Die Rechtsgrundlage f\u00fcr die Datenverarbeitung ist Art. 6 UAbs. 1 lit. f) DSGVO. Unser berechtigtes Interesse folgt aus oben aufgelisteten Zwecken zur Datenerhebung. In keinem Fall verwenden wir die erhobenen Daten zu dem Zweck, R\u00fcckschl\u00fcsse auf Ihre Person zu ziehen.<\/p><p>Das berechtigte Interesse f\u00fcr diese Verarbeitung ist wie folgt: Die Integrit\u00e4t und Sicherheit der Website, welche durch die Security durch die Erhebung von Logs insbesondere IP-Adressen durchgef\u00fchrt wird, um den m\u00f6glichen Missbrauch fr\u00fchzeitig zu erkennen und Ma\u00dfnahmen zur Schadensreduzierung ergreifen zu k\u00f6nnen.<\/p><p>Ihre personenbezogenen Daten werden bei unserem Provider gespeichert, mit welchem ein Auftragsverarbeitungsvertrag i.S.d. Art. 28 DSGVO abgeschlossen wurde.<\/p><p><strong>SSL-Verschl\u00fcsselung<\/strong><\/p><p>Aus Sicherheitsgr\u00fcnden benutzt unsere Website eine SSL-Verschl\u00fcsselung. Damit werden \u00fcbertragene Daten gesch\u00fctzt und k\u00f6nnen nicht von unbefugten Dritten gelesen werden.<\/p><p>Eine verschl\u00fcsselte Verbindung erkennen Sie daran, dass sich die Adresszeile des Browsers von \u201chttp:\/\/\u201d auf \u201chttps:\/\/\u201d \u00e4ndert und an dem Schloss-Symbol, welches in Ihrer Browserzeile links erkennbar ist.<\/p><p><strong>Cookies<\/strong><\/p><p>Um die Nutzung unserer Website attraktiver, nutzerfreundlicher und effektiver zu gestalten, verwenden wir Cookies. Hierbei handelt es sich um kleine Textdateien, die auf ihrem Endger\u00e4t gespeichert werden und Informationen zu den besuchten Websites enthalten. Cookies richten auf Ihrem Rechner keinen Schaden an und enthalten zudem keine Viren.<\/p><p>Durch entsprechende \u00c4nderungen in den Browsereinstellungen k\u00f6nnen Sie \u00fcber das Setzen von Cookies informiert werden und einzeln \u00fcber deren Annahme entscheiden oder diese generell ausschlie\u00dfen sowie die automatische L\u00f6schung von Cookies bei der Schlie\u00dfung des Browserfensters veranlassen. Durch eine Deaktivierung von Cookies k\u00f6nnen Sie m\u00f6glicherweise nicht alle Funktionen unserer Website nutzen.<\/p><p><strong>Kontaktaufnahme mit dem Unternehmen<\/strong><\/p><p>Sie haben jederzeit die M\u00f6glichkeit mit uns in Kontakt zu treten. Folgende Hinweise m\u00f6chten wir Ihnen gerne mitgeben:<\/p><p><em>Allgemeine Kontaktm\u00f6glichkeiten<\/em><\/p><p>Als allgemeine Kontaktmedien haben Sie die M\u00f6glichkeit postalisch,<br \/>telefonisch oder<br \/>per E\u2011Mail mit uns in Kontakt zu treten.<\/p><p>Um Ihre Kontaktanfrage bearbeiten zu k\u00f6nnen, werden wir hierzu Ihre Kommunikations- (z.B. Telefonnummer, E\u2011Mail-Adresse) und Identifikationsdaten (z.B. Name, Adresse) speichern m\u00fcssen.<\/p><p>Hierzu findet die Rechtsgrundlage des Art. 6 UAbs.1 lit. b) DSGVO Anwendung, nur wenn sich die Kontaktaufnahme auf eine Vertragsanbahnung, Durchf\u00fchrung eines bestehenden oder \u00c4nderung eines Vertragsverh\u00e4ltnisses beruft.<\/p><p>F\u00fcr alle anderen F\u00e4llen der Kontaktaufnahmen, st\u00fctzt sich die Verarbeitung auf das berechtigte Interesse gem. Art. 6 UAbs. 1 lit. f) DSGVO des Unternehmens.<\/p><p>Das berechtigte Interesse f\u00fcr diese Verarbeitung ist wie folgt: Als Unternehmen verfolgen wir die wirtschaftlichen Interessen der Individualisierung sowie Optimierung unserer Produkte, welche als wirtschaftliche Faktoren des Unternehmens deklariert sind.<\/p><p><strong>Rechte des Betroffenen<\/strong><\/p><p>Ihnen stehen grunds\u00e4tzlich die Rechte auf Auskunft, Berichtigung, L\u00f6schung, Einschr\u00e4nkung, Daten\u00fcbertragbarkeit, Widerruf und Widerspruch zu. Wenn Sie glauben, dass die Verarbeitung Ihrer Daten gegen das Datenschutzrecht verst\u00f6\u00dft oder Ihre datenschutzrechtlichen Anspr\u00fcche sonst in einer Weise verletzt worden sind, k\u00f6nnen Sie sich bei der Aufsichtsbeh\u00f6rde beschweren. In \u00d6sterreich ist dies die Datenschutzbeh\u00f6rde.<\/p><p><strong>\u00c4nderung und Fortschreibung<\/strong><\/p><p>Im Rahmen der Fortschreibung, kann es immer wieder zu \u00c4nderungen in unserer Datenschutzhinweis kommen. Sollten \u00c4nderungen an diesem Hinweis vorgenommen werden, werden wir diese f\u00fcr Sie kennzeichnen.<\/p><p>Zur Verwaltung der eingesetzten Cookies und \u00e4hnlichen Technologien (Tracking-Pixel, Web-Beacons etc.) und diesbez\u00fcglicher Einwilligungen setzen wir das Consent Tool \u201cReal Cookie Banner\u201d ein. Details zur Funktionsweise von \u201cReal Cookie Banner\u201d findest du unter https:\/\/devowl.io\/de\/rcb\/datenverarbeitung\/.<\/p><p>Rechtsgrundlagen f\u00fcr die Verarbeitung von personenbezogenen Daten in diesem Zusammenhang sind Art. 6 Abs. 1 lit. c DS-GVO und Art. 6 Abs. 1 lit. f DS-GVO. Unser berechtigtes Interesse ist die Verwaltung der eingesetzten Cookies und \u00e4hnlichen Technologien und der diesbez\u00fcglichen Einwilligungen.<\/p><p>Die Bereitstellung der personenbezogenen Daten ist weder vertraglich vorgeschrieben noch f\u00fcr den Abschluss eines Vertrages notwendig. Du bist nicht verpflichtet die personenbezogenen Daten bereitzustellen. Wenn du die personenbezogenen Daten nicht bereitstellst, k\u00f6nnen wir deine Einwilligungen nicht verwalten.<\/p><p>Dieser Datenschutzhinweis ist von April 2025<\/p>\t\t\t\t\t\t\t\t<\/div>\n\t\t\t\t<\/div>\n\t\t\t\t\t<\/div>\n\t\t\t\t<\/div>\n\t\t\t\t<\/div>\n\t\t","protected":false},"excerpt":{"rendered":"<p>Datenschutz Wir nehmen den Schutz Ihrer privaten Daten ernst und m\u00f6chten, dass Sie sich beim Besuch unserer Website wohl f\u00fchlen. Der Schutz Ihrer Privatsph\u00e4re bei der Verarbeitung personenbezogener Daten ist f\u00fcr uns ein wichtiges Anliegen, welches wir bei unseren Gesch\u00e4ftsprozessen ber\u00fccksichtigen. Dieser Datenschutzhinweis erl\u00e4utert, wie personenbezogene Daten w\u00e4hrend und nach Ihrer Nutzung unserer Website erfasst, [&hellip;]<\/p>\n","protected":false},"author":3,"featured_media":0,"parent":0,"menu_order":0,"comment_status":"closed","ping_status":"closed","template":"","meta":{"footnotes":""},"class_list":["post-158","page","type-page","status-publish","hentry"],"_links":{"self":[{"href":"https:\/\/www.corecusp.com\/index.php?rest_route=\/wp\/v2\/pages\/158","targetHints":{"allow":["GET"]}}],"collection":[{"href":"https:\/\/www.corecusp.com\/index.php?rest_route=\/wp\/v2\/pages"}],"about":[{"href":"https:\/\/www.corecusp.com\/index.php?rest_route=\/wp\/v2\/types\/page"}],"author":[{"embeddable":true,"href":"https:\/\/www.corecusp.com\/index.php?rest_route=\/wp\/v2\/users\/3"}],"replies":[{"embeddable":true,"href":"https:\/\/www.corecusp.com\/index.php?rest_route=%2Fwp%2Fv2%2Fcomments&post=158"}],"version-history":[{"count":7,"href":"https:\/\/www.corecusp.com\/index.php?rest_route=\/wp\/v2\/pages\/158\/revisions"}],"predecessor-version":[{"id":192,"href":"https:\/\/www.corecusp.com\/index.php?rest_route=\/wp\/v2\/pages\/158\/revisions\/192"}],"wp:attachment":[{"href":"https:\/\/www.corecusp.com\/index.php?rest_route=%2Fwp%2Fv2%2Fmedia&parent=158"}],"curies":[{"name":"wp","href":"https:\/\/api.w.org\/{rel}","templated":true}]}}