{"id":150,"date":"2025-04-23T21:35:58","date_gmt":"2025-04-23T19:35:58","guid":{"rendered":"https:\/\/www.corecusp.com\/?page_id=150"},"modified":"2025-09-23T22:50:52","modified_gmt":"2025-09-23T20:50:52","slug":"impressum","status":"publish","type":"page","link":"https:\/\/www.corecusp.com\/?page_id=150","title":{"rendered":"Impressum"},"content":{"rendered":"\t\t<div data-elementor-type=\"wp-page\" data-elementor-id=\"150\" class=\"elementor elementor-150\" data-elementor-post-type=\"page\">\n\t\t\t\t<div class=\"elementor-element elementor-element-871116a e-flex e-con-boxed e-con e-parent\" data-id=\"871116a\" data-element_type=\"container\" data-settings=\"{&quot;background_background&quot;:&quot;classic&quot;}\">\n\t\t\t\t\t<div class=\"e-con-inner\">\n\t\t\t\t\t<\/div>\n\t\t\t\t<\/div>\n\t\t<div class=\"elementor-element elementor-element-60ea495 e-flex e-con-boxed e-con e-parent\" data-id=\"60ea495\" data-element_type=\"container\">\n\t\t\t\t\t<div class=\"e-con-inner\">\n\t\t\t\t<div class=\"elementor-element elementor-element-7aef716 elementor-widget elementor-widget-heading\" data-id=\"7aef716\" data-element_type=\"widget\" data-widget_type=\"heading.default\">\n\t\t\t\t<div class=\"elementor-widget-container\">\n\t\t\t\t\t<h2 class=\"elementor-heading-title elementor-size-default\">Impressum<\/h2>\t\t\t\t<\/div>\n\t\t\t\t<\/div>\n\t\t\t\t<div class=\"elementor-element elementor-element-03f5c46 elementor-widget elementor-widget-text-editor\" data-id=\"03f5c46\" data-element_type=\"widget\" data-widget_type=\"text-editor.default\">\n\t\t\t\t<div class=\"elementor-widget-container\">\n\t\t\t\t\t\t\t\t\t<p>Eigent\u00fcmerin der Internetpr\u00e4senz Julia Staudacher<\/p><p>CORECUSP<br \/>Lindauerstra\u00dfe 81a<br \/>6912 H\u00f6rbranz<br \/>Tel. +43 664 8300279<br \/>E-Mail: connect@corecusp.com<br \/>Webseite: www.corecusp.com<\/p><h5>Rechtliche Hinweise<\/h5><p><strong>Haftungsausschluss<\/strong><br \/>Die Inhalte werden jeweils aktualisiert. Trotz sorgf\u00e4ltigen Bem\u00fchens f\u00fcr Genauigkeit, Aktualit\u00e4t, Richtigkeit und Vollst\u00e4ndigkeit kann kein Gew\u00e4hr \u00fcbernommen werden. Wir behalten uns das Recht vor, die Inhalte jederzeit zu \u00e4ndern oder zu erg\u00e4nzen.\u2028\u00c4nderungen der Website zu jederzeit ohne Ank\u00fcndigung sind vorbehalten.\u2028Haftungsanspr\u00fcche gegen Corecusp wegen Sch\u00e4den materieller oder immaterieller Art, welche aus dem Zugriff oder der Nutzung bzw. Nichtnutzung der ver\u00f6ffentlichten Informationen, durch Missbrauch der Verbindung oder durch technische St\u00f6rungen entstanden sind, werden ausgeschlossen.<\/p><p><strong>Urheberrechte<\/strong><br \/>Die Urheber- und alle anderen Rechte an Inhalten, Bildern, Fotos oder anderen Dateien auf der Website geh\u00f6ren ausschliesslich Corecusp\u00a0oder den speziell genannten Rechtsinhabern. F\u00fcr die Reproduktion jeglicher Elemente ist die schriftliche Zustimmung der Urheberrechtstr\u00e4ger im Voraus einzuholen.<br \/><strong><br \/>Haftung f\u00fcr Links<\/strong><br \/>Jegliche Nutzung von externen Links auf dieser Website, zB. f\u00fcr Social Media Kan\u00e4le, unterliegt ausschliesslich der Verantwortung des Nutzers. Der Inhalt dieser Webseiten liegt ausserhalb des Verantwortungsbereichs von Corecusp.<\/p>\t\t\t\t\t\t\t\t<\/div>\n\t\t\t\t<\/div>\n\t\t\t\t\t<\/div>\n\t\t\t\t<\/div>\n\t\t\t\t<\/div>\n\t\t","protected":false},"excerpt":{"rendered":"<p>Impressum Eigent\u00fcmerin der Internetpr\u00e4senz Julia Staudacher CORECUSPLindauerstra\u00dfe 81a6912 H\u00f6rbranzTel. +43 664 8300279E-Mail: connect@corecusp.comWebseite: www.corecusp.com Rechtliche Hinweise HaftungsausschlussDie Inhalte werden jeweils aktualisiert. Trotz sorgf\u00e4ltigen Bem\u00fchens f\u00fcr Genauigkeit, Aktualit\u00e4t, Richtigkeit und Vollst\u00e4ndigkeit kann kein Gew\u00e4hr \u00fcbernommen werden. Wir behalten uns das Recht vor, die Inhalte jederzeit zu \u00e4ndern oder zu erg\u00e4nzen.\u2028\u00c4nderungen der Website zu jederzeit ohne Ank\u00fcndigung [&hellip;]<\/p>\n","protected":false},"author":3,"featured_media":0,"parent":0,"menu_order":0,"comment_status":"closed","ping_status":"closed","template":"","meta":{"footnotes":""},"class_list":["post-150","page","type-page","status-publish","hentry"],"_links":{"self":[{"href":"https:\/\/www.corecusp.com\/index.php?rest_route=\/wp\/v2\/pages\/150","targetHints":{"allow":["GET"]}}],"collection":[{"href":"https:\/\/www.corecusp.com\/index.php?rest_route=\/wp\/v2\/pages"}],"about":[{"href":"https:\/\/www.corecusp.com\/index.php?rest_route=\/wp\/v2\/types\/page"}],"author":[{"embeddable":true,"href":"https:\/\/www.corecusp.com\/index.php?rest_route=\/wp\/v2\/users\/3"}],"replies":[{"embeddable":true,"href":"https:\/\/www.corecusp.com\/index.php?rest_route=%2Fwp%2Fv2%2Fcomments&post=150"}],"version-history":[{"count":13,"href":"https:\/\/www.corecusp.com\/index.php?rest_route=\/wp\/v2\/pages\/150\/revisions"}],"predecessor-version":[{"id":269,"href":"https:\/\/www.corecusp.com\/index.php?rest_route=\/wp\/v2\/pages\/150\/revisions\/269"}],"wp:attachment":[{"href":"https:\/\/www.corecusp.com\/index.php?rest_route=%2Fwp%2Fv2%2Fmedia&parent=150"}],"curies":[{"name":"wp","href":"https:\/\/api.w.org\/{rel}","templated":true}]}}